{"id":235885,"date":"2020-12-08T09:08:20","date_gmt":"2020-12-08T09:08:20","guid":{"rendered":"https:\/\/iaianita.com\/cms2\/dolc-i-salat\/"},"modified":"2023-09-12T12:16:55","modified_gmt":"2023-09-12T12:16:55","slug":"dolc-i-salat","status":"publish","type":"page","link":"https:\/\/iaianita.com\/ca\/productes\/dolc-i-salat\/","title":{"rendered":"Dol\u00e7 i salat"},"content":{"rendered":"<p>[et_pb_section fb_built=&#8221;1&#8243; admin_label=&#8221;Page Header&#8221; _builder_version=&#8221;4.20.4&#8243; background_image=&#8221;https:\/\/iaianita.com\/wp-content\/uploads\/2020\/03\/circle-background-pattern.png&#8221; custom_padding=&#8221;67px|0px|3.2px|0px|false|false&#8221; animation_style=&#8221;zoom&#8221; animation_intensity_zoom=&#8221;4%&#8221; hover_enabled=&#8221;0&#8243; global_colors_info=&#8221;{}&#8221; title_text=&#8221;circle-background-pattern&#8221; sticky_enabled=&#8221;0&#8243;][et_pb_row _builder_version=&#8221;4.16&#8243; background_size=&#8221;initial&#8221; background_position=&#8221;top_left&#8221; background_repeat=&#8221;repeat&#8221; custom_padding=&#8221;|||&#8221; animation_style=&#8221;slide&#8221; animation_direction=&#8221;top&#8221; animation_intensity_slide=&#8221;3%&#8221; global_colors_info=&#8221;{}&#8221;][et_pb_column type=&#8221;4_4&#8243; _builder_version=&#8221;4.16&#8243; custom_padding=&#8221;|||&#8221; global_colors_info=&#8221;{}&#8221; custom_padding__hover=&#8221;|||&#8221;][et_pb_text _builder_version=&#8221;4.16&#8243; text_font=&#8221;||||||||&#8221; header_font=&#8221;Montserrat|700||on|||||dotted&#8221; header_text_color=&#8221;#353740&#8243; header_font_size=&#8221;40px&#8221; header_line_height=&#8221;1.3em&#8221; background_size=&#8221;initial&#8221; background_position=&#8221;top_left&#8221; background_repeat=&#8221;repeat&#8221; custom_margin=&#8221;|||&#8221; animation_style=&#8221;fade&#8221; header_font_size_last_edited=&#8221;off|desktop&#8221; locked=&#8221;off&#8221; global_colors_info=&#8221;{}&#8221;]<\/p>\n<h1>DOL\u00c7 I SALAT<\/h1>\n<p>[\/et_pb_text][et_pb_divider show_divider=&#8221;off&#8221; disabled_on=&#8221;on|on|off&#8221; _builder_version=&#8221;4.16&#8243; max_width=&#8221;120px&#8221; animation_style=&#8221;slide&#8221; animation_direction=&#8221;top&#8221; animation_intensity_slide=&#8221;30%&#8221; global_colors_info=&#8221;{}&#8221;][\/et_pb_divider][\/et_pb_column][\/et_pb_row][\/et_pb_section][et_pb_section fb_built=&#8221;1&#8243; inner_shadow=&#8221;on&#8221; admin_label=&#8221;About Us Section&#8221; _builder_version=&#8221;4.20.4&#8243; background_image=&#8221;https:\/\/iaianita.com\/wp-content\/uploads\/2023\/02\/header-dulce-y-salado.jpg&#8221; width=&#8221;100%&#8221; custom_margin=&#8221;|0%|0px|0%|false|false&#8221; custom_margin_tablet=&#8221;&#8221; custom_margin_phone=&#8221;|0px||0px&#8221; custom_margin_last_edited=&#8221;on|phone&#8221; custom_padding=&#8221;10%|0px|0px|||&#8221; animation_style=&#8221;zoom&#8221; animation_direction=&#8221;top&#8221; animation_intensity_zoom=&#8221;5%&#8221; hover_enabled=&#8221;0&#8243; box_shadow_style=&#8221;preset7&#8243; box_shadow_horizontal=&#8221;0px&#8221; box_shadow_vertical=&#8221;-200px&#8221; box_shadow_color=&#8221;#ffffff&#8221; global_colors_info=&#8221;{}&#8221; title_text=&#8221;header-dulce-y-salado&#8221; sticky_enabled=&#8221;0&#8243;][et_pb_row column_structure=&#8221;2_3,1_3&#8243; admin_label=&#8221;About Us Area&#8221; _builder_version=&#8221;4.16&#8243; background_size=&#8221;initial&#8221; background_position=&#8221;top_left&#8221; background_repeat=&#8221;repeat&#8221; custom_padding=&#8221;27px|0px|0px|0px&#8221; global_colors_info=&#8221;{}&#8221;][et_pb_column type=&#8221;2_3&#8243; _builder_version=&#8221;4.16&#8243; custom_padding=&#8221;|||&#8221; global_colors_info=&#8221;{}&#8221; custom_padding__hover=&#8221;|||&#8221;][et_pb_text admin_label=&#8221;Title&#8221; _builder_version=&#8221;4.19.5&#8243; text_font=&#8221;Montserrat||||||||&#8221; text_text_color=&#8221;#747d88&#8243; text_font_size=&#8221;16px&#8221; text_line_height=&#8221;1.9em&#8221; header_font=&#8221;||||||||&#8221; header_text_align=&#8221;left&#8221; header_2_font=&#8221;Montserrat|700||on|||||&#8221; header_2_font_size=&#8221;32px&#8221; header_2_line_height=&#8221;1.3em&#8221; background_color=&#8221;#f7f7f7&#8243; background_size=&#8221;initial&#8221; background_position=&#8221;top_left&#8221; background_repeat=&#8221;repeat&#8221; max_width=&#8221;700px&#8221; module_alignment=&#8221;left&#8221; custom_margin=&#8221;|||&#8221; custom_padding=&#8221;10%|10%|10%|10%&#8221; animation_style=&#8221;slide&#8221; animation_direction=&#8221;bottom&#8221; animation_intensity_slide=&#8221;4%&#8221; animation_starting_opacity=&#8221;100%&#8221; box_shadow_style=&#8221;preset1&#8243; box_shadow_vertical=&#8221;15px&#8221; box_shadow_blur=&#8221;45px&#8221; box_shadow_color=&#8221;rgba(0,0,0,0.15)&#8221; locked=&#8221;off&#8221; global_colors_info=&#8221;{}&#8221;]<\/p>\n<h2>SABORS PER DELEITAR-TE<\/h2>\n<p>Per gaudir d&#8217;un exquisit <strong>desayuno o merienda<\/strong>, o simplement per donar aquest capritxo que ha arribat de repente, en iaia&#8217;Nita ofereixem un gran nombre d&#8217;especialitats: des de les nostres <b>cocas de panadero<\/b> (de sucre, de pinyons, d&#8217;ametlla) fins a infinits sabors de <b>bescuits, coques de pasta de full<\/b> i la m\u00e9s variada <b>brioixeria<\/b>.<\/p>\n<p>A les fleques i cafeteries iaia\u2019Nita trobar\u00e0s una infinitat de <strong>productes salats<\/strong>: des del m\u00e9s simple <b>entrep\u00e0<\/b> fins a la m\u00e9s exquisida <b>coca de recapta<\/b>. Els nostres productes estrella s\u00f3n les <b>pizzes<\/b> i les <b>coques salades<\/b> (d&#8217;escalivada, bolets, verdures, espinacs, etc.) amb qu\u00e8 et garantim un magn\u00edfic sabor.<\/p>\n<p>[\/et_pb_text][\/et_pb_column][et_pb_column type=&#8221;1_3&#8243; _builder_version=&#8221;4.16&#8243; custom_padding=&#8221;|||&#8221; global_colors_info=&#8221;{}&#8221; custom_padding__hover=&#8221;|||&#8221;][\/et_pb_column][\/et_pb_row][\/et_pb_section][et_pb_section fb_built=&#8221;1&#8243; admin_label=&#8221;Quote Section&#8221; _builder_version=&#8221;4.19.5&#8243; background_color=&#8221;#fcd21d&#8221; background_enable_mask_style=&#8221;on&#8221; background_mask_style=&#8221;corner-blob&#8221; background_mask_color=&#8221;#e09900&#8243; background_mask_aspect_ratio=&#8221;portrait&#8221; background_mask_size=&#8221;cover&#8221; max_width=&#8221;100%&#8221; custom_margin=&#8221;44px|||||&#8221; custom_padding=&#8221;60px|21px|60px|0px||&#8221; animation_style=&#8221;zoom&#8221; animation_direction=&#8221;bottom&#8221; animation_intensity_zoom=&#8221;4%&#8221; animation_starting_opacity=&#8221;100%&#8221; locked=&#8221;off&#8221; global_colors_info=&#8221;{}&#8221;][et_pb_row admin_label=&#8221;Quote&#8221; _builder_version=&#8221;4.16&#8243; background_size=&#8221;initial&#8221; background_position=&#8221;top_left&#8221; background_repeat=&#8221;repeat&#8221; width=&#8221;100%&#8221; custom_padding=&#8221;|||32px||&#8221; global_colors_info=&#8221;{}&#8221;][et_pb_column type=&#8221;4_4&#8243; _builder_version=&#8221;4.16&#8243; custom_padding=&#8221;|||&#8221; global_colors_info=&#8221;{}&#8221; custom_padding__hover=&#8221;|||&#8221;][et_pb_text admin_label=&#8221;Title&#8221; _builder_version=&#8221;4.19.5&#8243; text_font=&#8221;Montserrat||||||||&#8221; text_text_color=&#8221;#747d88&#8243; text_font_size=&#8221;16px&#8221; text_line_height=&#8221;1.9em&#8221; header_font=&#8221;||||||||&#8221; header_2_font=&#8221;Montserrat|700||on|||||&#8221; header_2_text_color=&#8221;#353740&#8243; header_2_font_size=&#8221;42px&#8221; header_2_line_height=&#8221;1.3em&#8221; background_size=&#8221;initial&#8221; background_position=&#8221;top_left&#8221; background_repeat=&#8221;repeat&#8221; text_orientation=&#8221;center&#8221; max_width=&#8221;700px&#8221; module_alignment=&#8221;center&#8221; custom_margin=&#8221;|133px||||&#8221; custom_padding=&#8221;|0px||||&#8221; animation_style=&#8221;slide&#8221; animation_direction=&#8221;bottom&#8221; animation_duration=&#8221;1950ms&#8221; animation_intensity_slide=&#8221;4%&#8221; global_colors_info=&#8221;{}&#8221;]<\/p>\n<h2>PRODUCTES FRESCS<\/h2>\n<p>[\/et_pb_text][et_pb_text admin_label=&#8221;Quote&#8221; _builder_version=&#8221;4.16&#8243; text_font=&#8221;||||||||&#8221; text_text_color=&#8221;#353740&#8243; text_font_size=&#8221;24px&#8221; text_line_height=&#8221;1.8em&#8221; background_size=&#8221;initial&#8221; background_position=&#8221;top_left&#8221; background_repeat=&#8221;repeat&#8221; text_orientation=&#8221;center&#8221; max_width=&#8221;700px&#8221; module_alignment=&#8221;center&#8221; custom_padding=&#8221;0px|||||&#8221; animation_style=&#8221;fade&#8221; animation_direction=&#8221;top&#8221; animation_duration=&#8221;1950ms&#8221; global_colors_info=&#8221;{}&#8221;]<\/p>\n<p>Cal destacar que la nostra filosofia \u00e9s que <b>cap producte del dia anterior \u00e9s reciclat per ser venut l&#8217;endem\u00e0.<\/b> Aquesta \u00e9s la nostra actitud, i per aix\u00f2 els clients confien en nosaltres.<\/p>\n<p>[\/et_pb_text][\/et_pb_column][\/et_pb_row][\/et_pb_section][et_pb_section fb_built=&#8221;1&#8243; _builder_version=&#8221;4.16&#8243; custom_padding=&#8221;||100px|||&#8221; global_colors_info=&#8221;{}&#8221;][et_pb_row _builder_version=&#8221;4.16&#8243; global_colors_info=&#8221;{}&#8221;][et_pb_column type=&#8221;4_4&#8243; _builder_version=&#8221;4.16&#8243; global_colors_info=&#8221;{}&#8221;][et_pb_text admin_label=&#8221;Title&#8221; _builder_version=&#8221;4.16&#8243; text_font=&#8221;Montserrat||||||||&#8221; text_text_color=&#8221;#747d88&#8243; text_font_size=&#8221;16px&#8221; text_line_height=&#8221;1.9em&#8221; header_font=&#8221;||||||||&#8221; header_2_font=&#8221;Montserrat|700||on|||||&#8221; header_2_text_color=&#8221;#353740&#8243; header_2_font_size=&#8221;42px&#8221; header_2_line_height=&#8221;1.3em&#8221; background_size=&#8221;initial&#8221; background_position=&#8221;top_left&#8221; background_repeat=&#8221;repeat&#8221; text_orientation=&#8221;center&#8221; max_width=&#8221;911px&#8221; module_alignment=&#8221;center&#8221; custom_margin=&#8221;||52px|||&#8221; custom_padding=&#8221;|0px||||&#8221; animation_style=&#8221;slide&#8221; animation_direction=&#8221;bottom&#8221; animation_intensity_slide=&#8221;4%&#8221; global_colors_info=&#8221;{}&#8221;]<\/p>\n<h2>DESCOBREIX LA NOSTRA VARIETAT EN DOL\u00c7 I SALAT<\/h2>\n<p>[\/et_pb_text][et_pb_gallery gallery_ids=&#8221;235833&#8243; fullwidth=&#8221;on&#8221; _builder_version=&#8221;4.19.5&#8243; _module_preset=&#8221;default&#8221; global_colors_info=&#8221;{}&#8221;][\/et_pb_gallery][\/et_pb_column][\/et_pb_row][\/et_pb_section]<\/p>\n","protected":false},"excerpt":{"rendered":"<p>DOL\u00c7 I SALATSABORS PER DELEITAR-TE Per gaudir d&#8217;un exquisit desayuno o merienda, o simplement per donar aquest capritxo que ha arribat de repente, en iaia&#8217;Nita ofereixem un gran nombre d&#8217;especialitats: des de les nostres cocas de panadero (de sucre, de pinyons, d&#8217;ametlla) fins a infinits sabors de bescuits, coques de pasta de full i la [&hellip;]<\/p>\n","protected":false},"author":1,"featured_media":0,"parent":235895,"menu_order":0,"comment_status":"closed","ping_status":"closed","template":"","meta":{"_et_pb_use_builder":"on","_et_pb_old_content":"","_et_gb_content_width":"","footnotes":"","_links_to":"","_links_to_target":""},"class_list":["post-235885","page","type-page","status-publish","hentry"],"_links":{"self":[{"href":"https:\/\/iaianita.com\/ca\/wp-json\/wp\/v2\/pages\/235885","targetHints":{"allow":["GET"]}}],"collection":[{"href":"https:\/\/iaianita.com\/ca\/wp-json\/wp\/v2\/pages"}],"about":[{"href":"https:\/\/iaianita.com\/ca\/wp-json\/wp\/v2\/types\/page"}],"author":[{"embeddable":true,"href":"https:\/\/iaianita.com\/ca\/wp-json\/wp\/v2\/users\/1"}],"replies":[{"embeddable":true,"href":"https:\/\/iaianita.com\/ca\/wp-json\/wp\/v2\/comments?post=235885"}],"version-history":[{"count":10,"href":"https:\/\/iaianita.com\/ca\/wp-json\/wp\/v2\/pages\/235885\/revisions"}],"predecessor-version":[{"id":236199,"href":"https:\/\/iaianita.com\/ca\/wp-json\/wp\/v2\/pages\/235885\/revisions\/236199"}],"up":[{"embeddable":true,"href":"https:\/\/iaianita.com\/ca\/wp-json\/wp\/v2\/pages\/235895"}],"wp:attachment":[{"href":"https:\/\/iaianita.com\/ca\/wp-json\/wp\/v2\/media?parent=235885"}],"curies":[{"name":"wp","href":"https:\/\/api.w.org\/{rel}","templated":true}]}}