{"id":236334,"date":"2023-09-13T13:03:38","date_gmt":"2023-09-13T13:03:38","guid":{"rendered":"https:\/\/iaianita.com\/?page_id=236334"},"modified":"2023-09-13T13:11:34","modified_gmt":"2023-09-13T13:11:34","slug":"avis-legal","status":"publish","type":"page","link":"https:\/\/iaianita.com\/ca\/avis-legal\/","title":{"rendered":"Av\u00eds legal"},"content":{"rendered":"<h2><strong>Pol\u00edtica de Protecci\u00f3n de Datos<\/strong><\/h2>\n<p>En cumplimiento de lo establecido en la Ley 34\/2002, de Servicios de la Sociedad de la Informaci\u00f3n y el Comercio Electr\u00f3nico, en la Ley Org\u00e1nica 15\/1999, de 13 de diciembre, de Protecci\u00f3n de Datos de Car\u00e1cter Personal y sus reglamentos de desarrollo, el RESPONSABLE LEGAL DE LA WEB le informa que los datos de car\u00e1cter personal proporcionados a trav\u00e9s de los formularios de registro, quedar\u00e1n incorporados a un fichero para su tratamiento automatizado, con la finalidad de prestar y ofrecer nuestros productos, servicios y promociones, concedi\u00e9ndose por tanto el consentimiento expreso para la recepci\u00f3n de comunicaciones comerciales por v\u00eda electr\u00f3nica en los estrictos t\u00e9rminos que se recogen en las presentes condiciones legales.<\/p>\n<p>Los datos recogidos son almacenados bajo la confidencialidad y medidas de seguridad legalmente establecidas, no siendo cedidos ni compartidos con empresas ni entidades ajenas al responsable legal de la web iaianita.com<\/p>\n<p>Igualmente deseamos informarle que podr\u00e1 ejercer los derechos de acceso, cancelaci\u00f3n, rectificaci\u00f3n u oposici\u00f3n a trav\u00e9s de los siguientes medios:<\/p>\n<p>&#8211; E-mail: iaianita@iaianita.com<\/p>\n<p>&#8211; Comunicaci\u00f3n escrita al responsable legal del fichero Fernando Leyra Vila: Concili de Trento 77 (Barcelona)<\/p>\n<p>&nbsp;<\/p>\n<h2><strong>Nota legal<\/strong><\/h2>\n<p>En cumplimiento de lo establecido en la Ley 34\/2002 de 11 de Julio, de Servicios de la Sociedad de La Informaci\u00f3n y el Comercio Electr\u00f3nico (LSSI) y legislaci\u00f3n sectorial concordante, se informa de los siguientes aspectos legales:<\/p>\n<p>Responsable legal de la web: Fernando Leyra Vila.<\/p>\n<p>Domicilio de Contacto: Concili de Trento 77 (Barcelona)<\/p>\n<p>E-mail de Contacto: iaianita@iaianita.com<\/p>\n<p>Tlf. de Contacto: 607 236 482<\/p>\n<p>Datos Fiscales: N.I.F. B-61816740<\/p>\n","protected":false},"excerpt":{"rendered":"<p>Pol\u00edtica de Protecci\u00f3n de Datos En cumplimiento de lo establecido en la Ley 34\/2002, de Servicios de la Sociedad de la Informaci\u00f3n y el Comercio Electr\u00f3nico, en la Ley Org\u00e1nica 15\/1999, de 13 de diciembre, de Protecci\u00f3n de Datos de Car\u00e1cter Personal y sus reglamentos de desarrollo, el RESPONSABLE LEGAL DE LA WEB le informa [&hellip;]<\/p>\n","protected":false},"author":1,"featured_media":0,"parent":0,"menu_order":0,"comment_status":"closed","ping_status":"closed","template":"","meta":{"_et_pb_use_builder":"","_et_pb_old_content":"","_et_gb_content_width":"","footnotes":"","_links_to":"","_links_to_target":""},"class_list":["post-236334","page","type-page","status-publish","hentry"],"_links":{"self":[{"href":"https:\/\/iaianita.com\/ca\/wp-json\/wp\/v2\/pages\/236334","targetHints":{"allow":["GET"]}}],"collection":[{"href":"https:\/\/iaianita.com\/ca\/wp-json\/wp\/v2\/pages"}],"about":[{"href":"https:\/\/iaianita.com\/ca\/wp-json\/wp\/v2\/types\/page"}],"author":[{"embeddable":true,"href":"https:\/\/iaianita.com\/ca\/wp-json\/wp\/v2\/users\/1"}],"replies":[{"embeddable":true,"href":"https:\/\/iaianita.com\/ca\/wp-json\/wp\/v2\/comments?post=236334"}],"version-history":[{"count":2,"href":"https:\/\/iaianita.com\/ca\/wp-json\/wp\/v2\/pages\/236334\/revisions"}],"predecessor-version":[{"id":236343,"href":"https:\/\/iaianita.com\/ca\/wp-json\/wp\/v2\/pages\/236334\/revisions\/236343"}],"wp:attachment":[{"href":"https:\/\/iaianita.com\/ca\/wp-json\/wp\/v2\/media?parent=236334"}],"curies":[{"name":"wp","href":"https:\/\/api.w.org\/{rel}","templated":true}]}}